{"id":10,"date":"2025-09-18T09:25:45","date_gmt":"2025-09-18T07:25:45","guid":{"rendered":"https:\/\/durra.se\/?page_id=10"},"modified":"2025-10-07T22:17:59","modified_gmt":"2025-10-07T20:17:59","slug":"nyheter","status":"publish","type":"page","link":"https:\/\/durra.se\/?page_id=10","title":{"rendered":"Nyheter"},"content":{"rendered":"\n<p><strong>H\u00e4r skriver vi nyheter d\u00e5 och d\u00e5. Men vi b\u00f6rjar med an gammal klassisk film fr\u00e5n golfklubben<\/strong> och n\u00e5gra slalomfilmer.<\/p>\n\n\n\n<figure class=\"wp-block-embed is-type-video is-provider-youtube wp-block-embed-youtube wp-embed-aspect-16-9 wp-has-aspect-ratio\"><div class=\"wp-block-embed__wrapper\">\n<iframe loading=\"lazy\" title=\"Tacktal fr\u00e5n Vasacupen 2016-07-28 delt\u00e4vling 6 p\u00e5 Sundsvalls golfklubb.\" width=\"500\" height=\"281\" src=\"https:\/\/www.youtube.com\/embed\/R-bsHwub3Sg?feature=oembed\" frameborder=\"0\" allow=\"accelerometer; autoplay; clipboard-write; encrypted-media; gyroscope; picture-in-picture; web-share\" referrerpolicy=\"strict-origin-when-cross-origin\" allowfullscreen><\/iframe>\n<\/div><\/figure>\n\n\n\n<div class=\"wp-block-columns is-layout-flex wp-container-core-columns-is-layout-28f84493 wp-block-columns-is-layout-flex\">\n<div class=\"wp-block-column is-layout-flow wp-block-column-is-layout-flow\">\n<figure class=\"wp-block-boldblocks-youtube-block\"><div id=\"yb-video-F4AcX-uOxSM\" class=\"yb-player\" data-video-id=\"F4AcX-uOxSM\" data-title=\"Play\" style=\"background-image:url(https:\/\/img.youtube.com\/vi\/F4AcX-uOxSM\/hqdefault.jpg)\"><button type=\"button\" class=\"yb-btn-play\"><span class=\"visually-hidden\">Play<\/span><\/button><\/div><figcaption class=\"yb-caption\">Dag 2 med Grundteknik tr\u00e4ning f\u00f6r Elvira, Valter och Elsa fr\u00e5n Stockholm och Uppsala 2025-03-16<\/figcaption><\/figure>\n<\/div>\n\n\n\n<div class=\"wp-block-column is-layout-flow wp-block-column-is-layout-flow\">\n<figure class=\"wp-block-boldblocks-youtube-block\"><div id=\"yb-video-g5ZXB_oXBW4\" class=\"yb-player\" data-video-id=\"g5ZXB_oXBW4\" data-title=\"Play\" style=\"background-image:url(https:\/\/img.youtube.com\/vi\/g5ZXB_oXBW4\/hqdefault.jpg)\"><button type=\"button\" class=\"yb-btn-play\"><span class=\"visually-hidden\">Play<\/span><\/button><\/div><figcaption class=\"yb-caption\">Astrid Hedin och Alva Svelander forts\u00e4tter matcha o sparra varandra i slalom i Sundsvall 2024-03-06<\/figcaption><\/figure>\n<\/div>\n\n\n\n<div class=\"wp-block-column is-layout-flow wp-block-column-is-layout-flow\">\n<figure class=\"wp-block-boldblocks-youtube-block\"><div id=\"yb-video-pNVg_GDyW4g\" class=\"yb-player\" data-video-id=\"pNVg_GDyW4g\" data-title=\"Play\" style=\"background-image:url(https:\/\/img.youtube.com\/vi\/pNVg_GDyW4g\/hqdefault.jpg)\"><button type=\"button\" class=\"yb-btn-play\"><span class=\"visually-hidden\">Play<\/span><\/button><\/div><figcaption class=\"yb-caption\">V\u00e4rldens coolaste 9 \u00e5ring utvecklar sin grundteknik extremt snabbt o bra p\u00e5 bara 2 dagar 2024-03-02<\/figcaption><\/figure>\n<\/div>\n<\/div>\n\n\n\n<div class=\"wp-block-columns is-layout-flex wp-container-core-columns-is-layout-28f84493 wp-block-columns-is-layout-flex\">\n<div class=\"wp-block-column is-layout-flow wp-block-column-is-layout-flow\">\n<figure class=\"wp-block-boldblocks-youtube-block\"><div id=\"yb-video-PeHlZbyiaJw\" class=\"yb-player\" data-video-id=\"PeHlZbyiaJw\" data-title=\"Play\" style=\"background-image:url(https:\/\/img.youtube.com\/vi\/PeHlZbyiaJw\/hqdefault.jpg)\"><button type=\"button\" class=\"yb-btn-play\"><span class=\"visually-hidden\">Play<\/span><\/button><\/div><figcaption class=\"yb-caption\">Grundteknik tr\u00e4ning med U-12 ungdomar fr\u00e5n Djurg\u00e5rdens Alpina h\u00e4r i Sundsvall med v\u00e5r-sn\u00f6 2025-04-11<\/figcaption><\/figure>\n<\/div>\n\n\n\n<div class=\"wp-block-column is-layout-flow wp-block-column-is-layout-flow\">\n<figure class=\"wp-block-boldblocks-youtube-block\"><div id=\"yb-video-oevkXiEHLlI\" class=\"yb-player\" data-video-id=\"oevkXiEHLlI\" data-title=\"Play\" style=\"background-image:url(https:\/\/img.youtube.com\/vi\/oevkXiEHLlI\/hqdefault.jpg)\"><button type=\"button\" class=\"yb-btn-play\"><span class=\"visually-hidden\">Play<\/span><\/button><\/div><figcaption class=\"yb-caption\">Trevlig sammanfattning fr\u00e5n Emma Aichers f\u00f6rsta pallplats och vinst i V\u00e4rldscupen i DH 2025-03-04<\/figcaption><\/figure>\n<\/div>\n<\/div>\n","protected":false},"excerpt":{"rendered":"<p>H\u00e4r skriver vi nyheter d\u00e5 och d\u00e5. Men vi b\u00f6rjar med an gammal klassisk film fr\u00e5n golfklubben och n\u00e5gra slalomfilmer.<\/p>\n","protected":false},"author":2,"featured_media":0,"parent":0,"menu_order":0,"comment_status":"closed","ping_status":"closed","template":"","meta":{"footnotes":""},"class_list":["post-10","page","type-page","status-publish","hentry"],"_links":{"self":[{"href":"https:\/\/durra.se\/index.php?rest_route=\/wp\/v2\/pages\/10","targetHints":{"allow":["GET"]}}],"collection":[{"href":"https:\/\/durra.se\/index.php?rest_route=\/wp\/v2\/pages"}],"about":[{"href":"https:\/\/durra.se\/index.php?rest_route=\/wp\/v2\/types\/page"}],"author":[{"embeddable":true,"href":"https:\/\/durra.se\/index.php?rest_route=\/wp\/v2\/users\/2"}],"replies":[{"embeddable":true,"href":"https:\/\/durra.se\/index.php?rest_route=%2Fwp%2Fv2%2Fcomments&post=10"}],"version-history":[{"count":11,"href":"https:\/\/durra.se\/index.php?rest_route=\/wp\/v2\/pages\/10\/revisions"}],"predecessor-version":[{"id":134,"href":"https:\/\/durra.se\/index.php?rest_route=\/wp\/v2\/pages\/10\/revisions\/134"}],"wp:attachment":[{"href":"https:\/\/durra.se\/index.php?rest_route=%2Fwp%2Fv2%2Fmedia&parent=10"}],"curies":[{"name":"wp","href":"https:\/\/api.w.org\/{rel}","templated":true}]}}