{"id":87,"date":"2025-09-25T23:22:53","date_gmt":"2025-09-25T21:22:53","guid":{"rendered":"https:\/\/durra.se\/?page_id=87"},"modified":"2025-10-07T10:54:21","modified_gmt":"2025-10-07T08:54:21","slug":"durratv-videos","status":"publish","type":"page","link":"https:\/\/durra.se\/?page_id=87","title":{"rendered":"DurraTV videos"},"content":{"rendered":"<p><script src=\"https:\/\/cdn.tailwindcss.com?plugins=forms,container-queries\"><\/script><br \/>\n<script><br \/>\n    tailwind.config = {<br \/>\n      darkMode: \"class\",<br \/>\n      theme: {<br \/>\n        extend: {<br \/>\n          colors: {<br \/>\n            \"primary\": \"#137fec\",<br \/>\n            \"background-light\": \"#f6f7f8\",<br \/>\n            \"background-dark\": \"#101922\",<br \/>\n          },<br \/>\n          fontFamily: {<br \/>\n            \"display\": [\"Space Grotesk\"]<br \/>\n          },<br \/>\n          borderRadius: {\"DEFAULT\": \"0.25rem\", \"lg\": \"0.5rem\", \"xl\": \"0.75rem\", \"full\": \"9999px\"},<br \/>\n        },<br \/>\n      },<br \/>\n    }<br \/>\n  <\/script><\/p>\n<style>\n    .material-symbols-outlined {<br \/>\n      font-variation-settings:<br \/>\n      'FILL' 0,<br \/>\n      'wght' 400,<br \/>\n      'GRAD' 0,<br \/>\n      'opsz' 24<br \/>\n    }<br \/>\n    .video-placeholder:not([src]) {<br \/>\n        background-color: #e2e8f0;display: flex;<br \/>\n        align-items: center;<br \/>\n        justify-content: center;<br \/>\n    }<br \/>\n    .dark .video-placeholder:not([src]) {<br \/>\n        background-color: #1e293b;}<br \/>\n    .video-grid > div {<br \/>\n        cursor: pointer;<br \/>\n    }<br \/>\n  <\/style>\n<div class=\"flex flex-col min-h-screen\">\n<header class=\"sticky top-0 z-10 bg-background-light\/80 dark:bg-background-dark\/80 backdrop-blur-sm border-b border-slate-200 dark:border-slate-800\">\n<div class=\"container mx-auto px-4 sm:px-6 lg:px-8\">\n<div class=\"flex items-center justify-between h-16\">\n<div class=\"flex items-center gap-4\">\n<h1 class=\"text-xl font-bold text-slate-900 dark:text-white\">Daniel &#8221;Durra&#8221; Urander<\/h1>\n<\/div>\n<nav class=\"hidden md:flex items-center gap-6\"><a class=\"text-sm font-medium text-slate-600 dark:text-slate-300 hover:text-primary dark:hover:text-primary transition-colors\" href=\"#\">Hem<\/a><br \/>\n<a class=\"text-sm font-medium text-slate-600 dark:text-slate-300 hover:text-primary dark:hover:text-primary transition-colors\" href=\"#\">Om<\/a><br \/>\n<a class=\"text-sm font-medium text-slate-600 dark:text-slate-300 hover:text-primary dark:hover:text-primary transition-colors\" href=\"#\">Tr\u00e4ning<\/a><br \/>\n<a class=\"text-sm font-bold text-primary\" href=\"#\">DurraTV<\/a><br \/>\n<a class=\"text-sm font-medium text-slate-600 dark:text-slate-300 hover:text-primary dark:hover:text-primary transition-colors\" href=\"#\">Kontakt<\/a><\/nav>\n<p><a class=\"hidden md:inline-flex items-center justify-center rounded-lg bg-primary px-4 py-2 text-sm font-bold text-white shadow-sm hover:bg-primary\/90 transition-colors\" href=\"#\"><br \/>\nBoka tr\u00e4ning<br \/>\n<\/a><br \/>\n<button class=\"md:hidden inline-flex items-center justify-center rounded p-2 text-slate-600 dark:text-slate-300 hover:bg-slate-200 dark:hover:bg-slate-800\"><br \/>\n<span class=\"material-symbols-outlined\">menu<\/span><br \/>\n<\/button><\/p>\n<\/div>\n<\/div>\n<\/header>\n<div class=\"container mx-auto px-4 sm:px-6 lg:px-8 py-12 md:py-16\">\n<div class=\"max-w-6xl mx-auto\">\n<div class=\"text-center mb-12\">\n<h2 class=\"text-4xl md:text-5xl font-bold text-slate-900 dark:text-white tracking-tight\">DurraTV<\/h2>\n<h2 class=\"text-4xl md:text-5xl font-bold text-slate-900 dark:text-white tracking-tight\">Durra.se sidan \u00e4r under konstruktion och kommer inom kort att inneh\u00e5lla en hel del videos.<br \/>\nMen under tiden s\u00e5 hittar ni filmer p\u00e5 v\u00e5r youtube kanal. Klicka p\u00e5 l\u00e4nken s\u00e5 hittar ni alla alpina filmer fr\u00e5n tr\u00e4ning och t\u00e4vling.<\/h2>\n<p><a href=\"https:\/\/youtube.com\/@durratv?si=px2W-Egg2eNN8JfW\">https:\/\/youtube.com\/@durratv?si=px2W-Egg2eNN8JfW<\/a><\/p>\n<\/div>\n<div class=\"mb-12\">\n<div id=\"video-player-container\" class=\"aspect-video bg-slate-200 dark:bg-slate-800 rounded-lg shadow-lg flex items-center justify-center video-placeholder\"><iframe id=\"video-player\" class=\"w-full h-full rounded-lg\" frameborder=\"0\" allowfullscreen=\"allowfullscreen\"><\/iframe><\/p>\n<div id=\"video-player-placeholder\" class=\"text-center text-slate-500 dark:text-slate-400\"><span class=\"material-symbols-outlined text-6xl\">play_circle<\/span><\/p>\n<p class=\"mt-2 font-semibold\">V\u00e4lj en video nedan f\u00f6r att spela upp den h\u00e4r.<\/p>\n<\/div>\n<\/div>\n<\/div>\n<div class=\"space-y-16\">\n<div>\n<h3 class=\"text-2xl font-bold text-slate-900 dark:text-white mb-6 border-b border-slate-200 dark:border-slate-800 pb-2\">Teknik\u00f6vningar<\/h3>\n<div class=\"grid grid-cols-1 sm:grid-cols-2 lg:grid-cols-3 gap-6 video-grid\">\n<div class=\"group\">\n<div class=\"relative bg-background-light dark:bg-slate-800\/50 rounded-lg shadow-sm overflow-hidden transition-transform duration-300 ease-in-out group-hover:scale-105\"><img decoding=\"async\" class=\"aspect-video w-full object-cover\" src=\"https:\/\/lh3.googleusercontent.com\/aida-public\/AB6AXuAM1dvKelwKkMp5pr88klk4shFbH0E2gZiVMs5-ne8zL-qWtg_zLy7l5-XsgTptvzG2CJ1lejgsVgOgV0-giqFXEtGK41wkNY0a1es_i1ncTUaG8SVxBBnaj9majq2aChFV3WCYQ2fbpdSzpRrK__WDtEhFHjd-f2TTFmN1E6pjjieh_mvcXO0WvKqyEvTy2hLBgymA8sp9BVpAVqeDbQxvSDHyAPHGi1lUPmoAoteobnm8QHmFEAq4h_ryYrIZgw6WQRyQqX4EUPy-\" \/><\/p>\n<div class=\"absolute inset-0 bg-black\/50 flex items-center justify-center opacity-0 group-hover:opacity-100 transition-opacity\"><span class=\"material-symbols-outlined text-white text-6xl\">play_circle<\/span><\/div>\n<\/div>\n<div class=\"p-4\">\n<h4 class=\"font-bold text-slate-900 dark:text-white truncate\">Grundl\u00e4ggande slalomteknik<\/h4>\n<p class=\"text-sm text-slate-600 dark:text-slate-400\">Introduktion till grunderna.<\/p>\n<\/div>\n<\/div>\n<div class=\"group\">\n<div class=\"relative bg-background-light dark:bg-slate-800\/50 rounded-lg shadow-sm overflow-hidden transition-transform duration-300 ease-in-out group-hover:scale-105\"><img decoding=\"async\" class=\"aspect-video w-full object-cover\" src=\"https:\/\/lh3.googleusercontent.com\/aida-public\/AB6AXuBFnHIB5LK6cl6yxBvxhbN6PsLXPM3H0M37Lccpb_qFVimxID8ESAm1RtlJZeohf6Q6kJawSk6eB5kd3fASdvYDP6cwhJ-73tT9Nfp5dQEJS408YV3RrYLh1GA-zFxxrFBYT7L9h1d5Fb0lW1agUOmJgVrGjzoO_WSb8Mctm9oALxLf0bh3PEOheciyfu2PlCoqBNuSToeXGhnVI4yjlrW3Cr505ymIr5ACr2WSVeOYQY-BNneX76FKIthMjZoVcbPfxcRMp208MCdC\" \/><\/p>\n<div class=\"absolute inset-0 bg-black\/50 flex items-center justify-center opacity-0 group-hover:opacity-100 transition-opacity\"><span class=\"material-symbols-outlined text-white text-6xl\">play_circle<\/span><\/div>\n<\/div>\n<div class=\"p-4\">\n<h4 class=\"font-bold text-slate-900 dark:text-white truncate\">Avancerad kantningsteknik<\/h4>\n<p class=\"text-sm text-slate-600 dark:text-slate-400\">F\u00f6rb\u00e4ttra kontroll och hastighet.<\/p>\n<\/div>\n<\/div>\n<\/div>\n<\/div>\n<div>\n<h3 class=\"text-2xl font-bold text-slate-900 dark:text-white mb-6 border-b border-slate-200 dark:border-slate-800 pb-2\">Tr\u00e4ningspass<\/h3>\n<div class=\"grid grid-cols-1 sm:grid-cols-2 lg:grid-cols-3 gap-6 video-grid\">\n<div class=\"group\">\n<div class=\"relative bg-background-light dark:bg-slate-800\/50 rounded-lg shadow-sm overflow-hidden transition-transform duration-300 ease-in-out group-hover:scale-105\"><img decoding=\"async\" class=\"aspect-video w-full object-cover\" src=\"https:\/\/lh3.googleusercontent.com\/aida-public\/AB6AXuA3UHpE_Ng3qfGdX8lmBS5K25l5G2zSUhe7CdiYkBMuurLZfIjewXlva5MfjjxNqg6M81WQjZklHwtufYFz1lhLOiJirK_aK_B4fOk0SphqekcemeasZLX-EuwXKVmpvmrN42KeHZIvYDpz9QHEWB73q6P9nYjp9Lqsu22g4rxSeZkhCj4tELiQDM27ke1s4745MTSNXNxXkxd_M8gnBXrAlI-h9fs24m6Dz8MRbENKr21ti4PtNEgjrgNsQTJCU9LtaTBYB6-S42SD\" \/><\/p>\n<div class=\"absolute inset-0 bg-black\/50 flex items-center justify-center opacity-0 group-hover:opacity-100 transition-opacity\"><span class=\"material-symbols-outlined text-white text-6xl\">play_circle<\/span><\/div>\n<\/div>\n<div class=\"p-4\">\n<h4 class=\"font-bold text-slate-900 dark:text-white truncate\">Fystr\u00e4ning f\u00f6r slalom\u00e5kare<\/h4>\n<p class=\"text-sm text-slate-600 dark:text-slate-400\">Bygg styrka och uth\u00e5llighet.<\/p>\n<\/div>\n<\/div>\n<div class=\"group\">\n<div class=\"relative bg-background-light dark:bg-slate-800\/50 rounded-lg shadow-sm overflow-hidden transition-transform duration-300 ease-in-out group-hover:scale-105\"><img decoding=\"async\" class=\"aspect-video w-full object-cover\" src=\"https:\/\/lh3.googleusercontent.com\/aida-public\/AB6AXuBuo179VNAi-ykk8TD9l13tsxiERzD_kwH_YjnnWamhgIH__fteLDOdHPK4vZIGdRVD3gm29MTTgp22njQrx6n4Fd2ffPiL18k8t4kWzAFW9Z5KGll25p6Ymr5ETdEFqIH51K498-jOVjFxO0zJ1Fe_CJpNKNwYKx86qxXnytj-5mYivwW79hsAdaiM7uJ4uFFIliC9ZUt7IoLZgrmaGEKER23sVj-05M29qEKT2QAX3a598xnxvgLdVcB9HcFwghowUKkrLueJpRsH\" \/><\/p>\n<div class=\"absolute inset-0 bg-black\/50 flex items-center justify-center opacity-0 group-hover:opacity-100 transition-opacity\"><span class=\"material-symbols-outlined text-white text-6xl\">play_circle<\/span><\/div>\n<\/div>\n<div class=\"p-4\">\n<h4 class=\"font-bold text-slate-900 dark:text-white truncate\">R\u00f6rlighet och stretch<\/h4>\n<p class=\"text-sm text-slate-600 dark:text-slate-400\">F\u00f6rebygg skador med r\u00e4tt \u00f6vningar.<\/p>\n<\/div>\n<\/div>\n<\/div>\n<\/div>\n<div>\n<h3 class=\"text-2xl font-bold text-slate-900 dark:text-white mb-6 border-b border-slate-200 dark:border-slate-800 pb-2\">T\u00e4vlingsanalyser<\/h3>\n<div class=\"grid grid-cols-1 sm:grid-cols-2 lg:grid-cols-3 gap-6 video-grid\">\n<div class=\"group\">\n<div class=\"relative bg-background-light dark:bg-slate-800\/50 rounded-lg shadow-sm overflow-hidden transition-transform duration-300 ease-in-out group-hover:scale-105\"><img decoding=\"async\" class=\"aspect-video w-full object-cover\" src=\"https:\/\/lh3.googleusercontent.com\/aida-public\/AB6AXuDtYXjwzPcFtWi25tkYP0ArLxumEgIqjPwkrlR1RVmIRwpBg2ueGTpmZn8CuYcX9hlS9zUbE_27qhEySlqNRcIhSyn-UMbBa-Cr3jUKU4hDPE8C5dnu6sPhnoqXzmJm9FyeEOm5Q-zDHczmUf6spVZLtJ8swQKSyhx9yqpotfbZq4RZ5ZZ5Ukpsyo2tkHFQ64bsj1hTf1v2FU53PdZ_9YRNWYmxhUyx3HXJBRmvGd3UNwzgNYvW2pI5DNjFnbcT1O4X-BnKrxCtLAXK\" \/><\/p>\n<div class=\"absolute inset-0 bg-black\/50 flex items-center justify-center opacity-0 group-hover:opacity-100 transition-opacity\"><span class=\"material-symbols-outlined text-white text-6xl\">play_circle<\/span><\/div>\n<\/div>\n<div class=\"p-4\">\n<h4 class=\"font-bold text-slate-900 dark:text-white truncate\">Analys av VM-slalom<\/h4>\n<p class=\"text-sm text-slate-600 dark:text-slate-400\">Detaljerad genomg\u00e5ng av ett VM-\u00e5k.<\/p>\n<\/div>\n<\/div>\n<div class=\"group\">\n<div class=\"relative bg-background-light dark:bg-slate-800\/50 rounded-lg shadow-sm overflow-hidden transition-transform duration-300 ease-in-out group-hover:scale-105\"><img decoding=\"async\" class=\"aspect-video w-full object-cover\" src=\"https:\/\/lh3.googleusercontent.com\/aida-public\/AB6AXuAnaHaT__D373-0Y6MPYYG_m9N7pAhYkXlYsmnnSs9-SiKrPPFv9_Dw9I4BdQBaqmmDh9YgfppQ00fHSjbiP-cdw1tD5yOsKZR1BcP7eqy4c5cuTlAm7jLTzdXzySzFvHAwLlqTc-YTHB5esBh-jXkro3AV9LVhS6XeyLAQtpU2c5BlyYM8XDStxR408o6OpdWop2p09rz2losGoFiQnyvEydFCUMJuOS-862vtC6TdVHs0L4kMNawyeFS5X4qbKDU5wHPmm8rKPWtp\" \/><\/p>\n<div class=\"absolute inset-0 bg-black\/50 flex items-center justify-center opacity-0 group-hover:opacity-100 transition-opacity\"><span class=\"material-symbols-outlined text-white text-6xl\">play_circle<\/span><\/div>\n<\/div>\n<div class=\"p-4\">\n<h4 class=\"font-bold text-slate-900 dark:text-white truncate\">Taktik och strategi i slalom<\/h4>\n<p class=\"text-sm text-slate-600 dark:text-slate-400\">Tips f\u00f6r att f\u00f6rb\u00e4ttra din t\u00e4vlingstaktik.<\/p>\n<\/div>\n<\/div>\n<\/div>\n<\/div>\n<\/div>\n<div class=\"mt-16 text-center\">\n<p>Bes\u00f6k &amp; Prenumerera p\u00e5 YouTube<\/p>\n<\/div>\n<\/div>\n<\/div>\n<footer class=\"bg-background-light dark:bg-slate-800\/50 border-t border-slate-200 dark:border-slate-800\">\n<div class=\"container mx-auto px-4 sm:px-6 lg:px-8 py-8\">\n<div class=\"flex flex-col md:flex-row justify-between items-center gap-4\">\n<p class=\"text-sm text-slate-500 dark:text-slate-400\">\u00a9 2024 Daniel &#8221;Durra&#8221; Urander. Alla r\u00e4ttigheter f\u00f6rbeh\u00e5llna.<\/p>\n<div class=\"flex gap-4\"><a class=\"text-slate-500 dark:text-slate-400 hover:text-primary dark:hover:text-primary transition-colors\" href=\"#\">Facebook<\/a><br \/>\n<a class=\"text-slate-500 dark:text-slate-400 hover:text-primary dark:hover:text-primary transition-colors\" href=\"#\">Instagram<\/a><br \/>\n<a class=\"text-slate-500 dark:text-slate-400 hover:text-primary dark:hover:text-primary transition-colors\" href=\"#\">YouTube<\/a><\/div>\n<\/div>\n<\/div>\n<\/footer>\n<\/div>\n<p><script><br \/>\n    function playVideo(videoId) {<br \/>\n        const videoPlayer = document.getElementById('video-player');<br \/>\n        const placeholder = document.getElementById('video-player-placeholder');<br \/>\n        videoPlayer.src = `https:\/\/www.youtube.com\/embed\/${videoId}?autoplay=1&rel=0`;<br \/>\n        placeholder.style.display = 'none';<br \/>\n        videoPlayer.style.display = 'block';<br \/>\n        const playerContainer = document.getElementById('video-player-container');<br \/>\n        playerContainer.scrollIntoView({ behavior: 'smooth', block: 'center' });<br \/>\n    }<br \/>\n<\/script><\/p>\n","protected":false},"excerpt":{"rendered":"<p>Daniel &#8221;Durra&#8221; Urander Hem Om Tr\u00e4ning DurraTV Kontakt Boka tr\u00e4ning menu DurraTV Durra.se sidan \u00e4r under konstruktion och kommer inom kort att inneh\u00e5lla en hel del videos. Men under tiden s\u00e5 hittar ni filmer p\u00e5 v\u00e5r youtube kanal. Klicka p\u00e5 l\u00e4nken s\u00e5 hittar ni alla alpina filmer fr\u00e5n tr\u00e4ning och t\u00e4vling. https:\/\/youtube.com\/@durratv?si=px2W-Egg2eNN8JfW play_circle V\u00e4lj en [&hellip;]<\/p>\n","protected":false},"author":1,"featured_media":0,"parent":0,"menu_order":4,"comment_status":"closed","ping_status":"closed","template":"","meta":{"footnotes":""},"class_list":["post-87","page","type-page","status-publish","hentry"],"_links":{"self":[{"href":"https:\/\/durra.se\/index.php?rest_route=\/wp\/v2\/pages\/87","targetHints":{"allow":["GET"]}}],"collection":[{"href":"https:\/\/durra.se\/index.php?rest_route=\/wp\/v2\/pages"}],"about":[{"href":"https:\/\/durra.se\/index.php?rest_route=\/wp\/v2\/types\/page"}],"author":[{"embeddable":true,"href":"https:\/\/durra.se\/index.php?rest_route=\/wp\/v2\/users\/1"}],"replies":[{"embeddable":true,"href":"https:\/\/durra.se\/index.php?rest_route=%2Fwp%2Fv2%2Fcomments&post=87"}],"version-history":[{"count":12,"href":"https:\/\/durra.se\/index.php?rest_route=\/wp\/v2\/pages\/87\/revisions"}],"predecessor-version":[{"id":128,"href":"https:\/\/durra.se\/index.php?rest_route=\/wp\/v2\/pages\/87\/revisions\/128"}],"wp:attachment":[{"href":"https:\/\/durra.se\/index.php?rest_route=%2Fwp%2Fv2%2Fmedia&parent=87"}],"curies":[{"name":"wp","href":"https:\/\/api.w.org\/{rel}","templated":true}]}}